{"id":312,"date":"2012-07-17T11:04:24","date_gmt":"2012-07-17T11:04:24","guid":{"rendered":"http:\/\/kreativraft.com\/?page_id=312"},"modified":"2019-07-30T08:32:17","modified_gmt":"2019-07-30T08:32:17","slug":"corsi-kayak","status":"publish","type":"page","link":"https:\/\/www.kreativraft.com\/it\/corsi-kayak\/","title":{"rendered":"Corsi Kayak"},"content":{"rendered":"<h2>Corsi Kayak nella Valle Pusteria &#8211; Alto Adige<\/h2>\n<p>Il kayak \u00e8 uno degli sport pi\u00f9 belli e avvincenti. A questo sport ci si appassiona sempre di pi\u00f9. Con un po\u2019 di pazienza e un\u2019appropriata introduzione da parte dei nostri insegnanti di kayak, appositamente preparati, potrete imparare questo sport.<\/p>\n<p>Con noi siete in ottime mani. Grazie alla nostra lunga esperienza nei torrenti Vi garantiamo il maggior successo nell\u2019apprendimento ed una formazione sicura per le Vostre esperienze con i kayak.<\/p>\n<h3>Il nostro programma di corso include:<\/h3>\n<p>principianti, corsisti avanzati, creek, freestyle, safety, tecnica, privato, rulli, viaggi con guide, torrenti WW 4-5<\/p>\n<h3>Prezzo giornaliero per partecipante<\/h3>\n<p>1 persona: 300\u20ac (+30\u20ac*)<br \/>\n2 persone: 250\u20ac (+30\u20ac*)<\/p>\n<p>a partire da 3 persone per partecipante<\/p>\n<ul>\n<li>1 giorno: 190\u20ac (+30\u20ac*)<\/li>\n<li>2 giorni: 350\u20ac (+60\u20ac*)<\/li>\n<li>3 giorni: 500\u20ac (+70\u20ac*)<\/li>\n<li>4 giorni: 700\u20ac (+80\u20ac*)<\/li>\n<\/ul>\n<p>1 giorno = 5-6 ore di corso<br \/>\n<em>(*=prezzo equipaggiamento in prestito)<\/em><\/p>\n<p>&nbsp;<\/p>\n<h3>Viaggi a lunga distanza:<\/h3>\n<p>vi accompagniamo e consigliamo: Costa Rica, Cile, Argentina, Ecuador, Venezuela<br \/>\nPrezzo: 320\u20ac\/giorno\/guida kayak (escl. costi di viaggio e spese accessorie);<\/p>\n<h3>Cannyoning a livello europeo su richiesta<\/h3>\n<p><strong>Info<\/strong>: <a href=\"tel:+393203665622\">+39 320 366 56 22<\/a>, <a href=\"&#x6d;&#x61;&#105;l&#x74;&#x6f;&#58;&#105;n&#x66;&#x6f;&#64;&#107;r&#x65;&#x61;&#116;iv&#x72;&#x61;&#102;t&#x2e;&#x63;&#111;&#109;\">&#x69;&#x6e;&#x66;&#x6f;&#x40;&#x6b;&#x72;&#x65;&#x61;&#x74;&#x69;&#x76;&#x72;&#x61;&#x66;&#x74;&#x2e;&#x63;&#x6f;&#x6d;<\/a><\/p>\nngg_shortcode_0_placeholder\n","protected":false},"excerpt":{"rendered":"<p>Corsi Kayak nella Valle Pusteria &#8211; Alto Adige Il kayak \u00e8 uno degli sport pi\u00f9 belli e avvincenti. A questo sport ci si appassiona sempre di pi\u00f9. Con un po\u2019 di pazienza e un\u2019appropriata introduzione da parte dei nostri insegnanti di kayak, appositamente preparati, potrete imparare questo sport. Con noi siete in ottime mani. Grazie [&hellip;]<\/p>\n","protected":false},"author":1,"featured_media":0,"parent":0,"menu_order":3,"comment_status":"closed","ping_status":"closed","template":"","meta":{"ngg_post_thumbnail":0,"footnotes":""},"class_list":["post-312","page","type-page","status-publish","hentry"],"aioseo_notices":[],"_links":{"self":[{"href":"https:\/\/www.kreativraft.com\/it\/wp-json\/wp\/v2\/pages\/312","targetHints":{"allow":["GET"]}}],"collection":[{"href":"https:\/\/www.kreativraft.com\/it\/wp-json\/wp\/v2\/pages"}],"about":[{"href":"https:\/\/www.kreativraft.com\/it\/wp-json\/wp\/v2\/types\/page"}],"author":[{"embeddable":true,"href":"https:\/\/www.kreativraft.com\/it\/wp-json\/wp\/v2\/users\/1"}],"replies":[{"embeddable":true,"href":"https:\/\/www.kreativraft.com\/it\/wp-json\/wp\/v2\/comments?post=312"}],"version-history":[{"count":14,"href":"https:\/\/www.kreativraft.com\/it\/wp-json\/wp\/v2\/pages\/312\/revisions"}],"predecessor-version":[{"id":1550,"href":"https:\/\/www.kreativraft.com\/it\/wp-json\/wp\/v2\/pages\/312\/revisions\/1550"}],"wp:attachment":[{"href":"https:\/\/www.kreativraft.com\/it\/wp-json\/wp\/v2\/media?parent=312"}],"curies":[{"name":"wp","href":"https:\/\/api.w.org\/{rel}","templated":true}]}}