{"id":298,"date":"2012-07-17T10:42:36","date_gmt":"2012-07-17T10:42:36","guid":{"rendered":"http:\/\/kreativraft.com\/?page_id=298"},"modified":"2019-10-07T08:00:54","modified_gmt":"2019-10-07T08:00:54","slug":"rafting-fiume-isarco-alto-adige","status":"publish","type":"page","link":"https:\/\/www.kreativraft.com\/it\/rafting-tour-alto-adige\/rafting-fiume-isarco-alto-adige\/","title":{"rendered":"Afrodite > Fiume Isarco"},"content":{"rendered":"<h2>alta Valle d\u2019Isarco Alto Adige<\/h2>\n<p>Questo tour \u00e8 pensato appositamente per tutti coloro che desiderano vivere intensamente l\u2019acqua selvaggia. Onde maggiori, correnti pi\u00f9 forti, pi\u00f9 azione. Accompagnati per la maggior parte da un naturale paesaggio fluviale, <strong>Afrodite \u00e8 una vera seduttrice<\/strong>. Inclusa la prova di nuoto.<\/p>\n<p>L\u2019Isarco ha molto da offrire: a causa dei diversi gradi di difficolt\u00e0, vengono organizzate annualmente gare di rafting e di canoa a livello nazionale e internazionale. Se il fiume si fa pi\u00f9 stretto e le discese pi\u00f9 frequenti, se le pietre e le rocce sono d\u2019ostacolo o le onde e le correnti diventano sempre pi\u00f9 presenti, \u00e8 proprio qui che inizia l\u2019avventura.<\/p>\n<p>La prontezza di riflessi, unita alla forza e all\u2019 abilit\u00e0, rende la discesa un\u2019esperienza unica e ne fa una vera e propria avventura.<\/p>\n<p>A causa del cambio del livello d\u2019acqua giornaliero, non \u00e8 sempre percorribile.<\/p>\n<p>WW 2-3 (<a title=\"Infos\" href=\"https:\/\/www.kreativraft.com\/it\/informazioni-rafting-alto-adige\/\">\u2013&gt; vedi Info Livello dell\u2018acqua<\/a>)<\/p>\n<p><iframe id=\"regiondo\" width=\"100%\" height=\"400\" frameborder=\"0\" scrolling=\"auto\" data-location=\"all\" data-order=\"regiondo_score\" data-src=\"https:\/\/kreativraft.regiondo.it\/aphrodite-tour-auf-der-eisack-in-sudtirol?frame=1\"><\/iframe><br \/>\n<script src=\"https:\/\/cdn.regiondo.net\/media\/resellers\/js\/10296\/10296_11.js\" type=\"text\/javascript\"><\/script><\/p>\n<h2>Impressioni &#8211; Fiume Isarco<\/h2>\nngg_shortcode_0_placeholder\n<p>&nbsp;<\/p>\n","protected":false},"excerpt":{"rendered":"<p>alta Valle d\u2019Isarco Alto Adige Questo tour \u00e8 pensato appositamente per tutti coloro che desiderano vivere intensamente l\u2019acqua selvaggia. Onde maggiori, correnti pi\u00f9 forti, pi\u00f9 azione. Accompagnati per la maggior parte da un naturale paesaggio fluviale, Afrodite \u00e8 una vera seduttrice. Inclusa la prova di nuoto. L\u2019Isarco ha molto da offrire: a causa dei diversi [&hellip;]<\/p>\n","protected":false},"author":1,"featured_media":0,"parent":308,"menu_order":2,"comment_status":"closed","ping_status":"closed","template":"","meta":{"ngg_post_thumbnail":0,"footnotes":""},"class_list":["post-298","page","type-page","status-publish","hentry"],"aioseo_notices":[],"_links":{"self":[{"href":"https:\/\/www.kreativraft.com\/it\/wp-json\/wp\/v2\/pages\/298","targetHints":{"allow":["GET"]}}],"collection":[{"href":"https:\/\/www.kreativraft.com\/it\/wp-json\/wp\/v2\/pages"}],"about":[{"href":"https:\/\/www.kreativraft.com\/it\/wp-json\/wp\/v2\/types\/page"}],"author":[{"embeddable":true,"href":"https:\/\/www.kreativraft.com\/it\/wp-json\/wp\/v2\/users\/1"}],"replies":[{"embeddable":true,"href":"https:\/\/www.kreativraft.com\/it\/wp-json\/wp\/v2\/comments?post=298"}],"version-history":[{"count":16,"href":"https:\/\/www.kreativraft.com\/it\/wp-json\/wp\/v2\/pages\/298\/revisions"}],"predecessor-version":[{"id":1704,"href":"https:\/\/www.kreativraft.com\/it\/wp-json\/wp\/v2\/pages\/298\/revisions\/1704"}],"up":[{"embeddable":true,"href":"https:\/\/www.kreativraft.com\/it\/wp-json\/wp\/v2\/pages\/308"}],"wp:attachment":[{"href":"https:\/\/www.kreativraft.com\/it\/wp-json\/wp\/v2\/media?parent=298"}],"curies":[{"name":"wp","href":"https:\/\/api.w.org\/{rel}","templated":true}]}}